{"id":1143,"date":"2019-06-19T15:20:55","date_gmt":"2019-06-19T15:20:55","guid":{"rendered":"https:\/\/moticca-industries.com\/uber-uns\/"},"modified":"2024-10-15T21:18:48","modified_gmt":"2024-10-15T21:18:48","slug":"uber-uns","status":"publish","type":"page","link":"https:\/\/moticca-industries.com\/de\/uber-uns\/","title":{"rendered":"Uber uns"},"content":{"rendered":"\t\t<div data-elementor-type=\"wp-post\" data-elementor-id=\"1143\" class=\"elementor elementor-1143 elementor-124\">\n\t\t\t\t\t\t<section class=\"elementor-section elementor-top-section elementor-element elementor-element-fb5daa1 elementor-section-boxed elementor-section-height-default elementor-section-height-default\" data-id=\"fb5daa1\" data-element_type=\"section\" data-e-type=\"section\" data-settings=\"{&quot;background_background&quot;:&quot;classic&quot;}\">\n\t\t\t\t\t\t\t<div class=\"elementor-background-overlay\"><\/div>\n\t\t\t\t\t\t\t<div class=\"elementor-container elementor-column-gap-default\">\n\t\t\t\t\t<div class=\"elementor-column elementor-col-100 elementor-top-column elementor-element elementor-element-b1785e6\" data-id=\"b1785e6\" data-element_type=\"column\" data-e-type=\"column\">\n\t\t\t<div class=\"elementor-widget-wrap elementor-element-populated\">\n\t\t\t\t\t\t<div class=\"elementor-element elementor-element-503bded elementor-widget elementor-widget-heading\" data-id=\"503bded\" data-element_type=\"widget\" data-e-type=\"widget\" data-widget_type=\"heading.default\">\n\t\t\t\t<div class=\"elementor-widget-container\">\n\t\t\t\t\t<h2 class=\"elementor-heading-title elementor-size-default\">\u00dcber uns<\/h2>\t\t\t\t<\/div>\n\t\t\t\t<\/div>\n\t\t\t\t<div class=\"elementor-element elementor-element-24f729f elementor-widget-divider--view-line elementor-widget elementor-widget-divider\" data-id=\"24f729f\" data-element_type=\"widget\" data-e-type=\"widget\" data-widget_type=\"divider.default\">\n\t\t\t\t<div class=\"elementor-widget-container\">\n\t\t\t\t\t\t\t<div class=\"elementor-divider\">\n\t\t\t<span class=\"elementor-divider-separator\">\n\t\t\t\t\t\t<\/span>\n\t\t<\/div>\n\t\t\t\t\t\t<\/div>\n\t\t\t\t<\/div>\n\t\t\t\t<div class=\"elementor-element elementor-element-125ea52 elementor-widget elementor-widget-text-editor\" data-id=\"125ea52\" data-element_type=\"widget\" data-e-type=\"widget\" data-widget_type=\"text-editor.default\">\n\t\t\t\t<div class=\"elementor-widget-container\">\n\t\t\t\t\t\t\t\t\t<p>Moticca Industries ist ein dynamisches und innovatives Handelsunternehmen, das Kunden in aller Welt hochwertige Produkte und Dienstleistungen anbietet.<\/p>\n<p>Wir sind ein Direktimporteur von Produkten aus den Bereichen D\u00fcngemittel, Tierfutter, Brennstoffe und Baustoffe. Unser Ziel ist es, unseren Kunden nicht nur Produkte von h\u00f6chster Qualit\u00e4t zu liefern, sondern auch einen hervorragenden Service zu bieten und sie zufrieden zu stellen.<\/p>\n<p>Das Unternehmen wurde aus der Leidenschaft heraus geboren, Produkte zu entwickeln und zu liefern, die nicht nur die Erwartungen unserer Kunden erf\u00fcllen, sondern auch die Standards in der Branche erh\u00f6hen. Unser Team besteht aus erfahrenen Fachleuten, die st\u00e4ndig an der Verbesserung unseres Angebots arbeiten, um auch die anspruchsvollsten Bed\u00fcrfnisse unserer Kunden zu erf\u00fcllen.<\/p>\n<p>In unserem Sortiment finden Sie eine gro\u00dfe Auswahl an hochwertigen Produkten, die auch die Erwartungen der anspruchsvollsten Kunden erf\u00fcllen. Egal, ob Sie Produkte f\u00fcr den individuellen Gebrauch oder f\u00fcr ein Gro\u00dfunternehmen suchen, bei uns finden Sie garantiert, was Sie brauchen. Wir liefern alle Waren an die angegebene Adresse innerhalb der Europ\u00e4ischen Union. ir verf\u00fcgen \u00fcber einen eigenen Fuhrpark.<\/p>\n<p>Wir laden Sie ein, mit uns zusammenzuarbeiten.<\/p>\n\t\t\t\t\t\t\t\t<\/div>\n\t\t\t\t<\/div>\n\t\t\t\t<div class=\"elementor-element elementor-element-155276f elementor-align-center elementor-tablet-align-center elementor-widget elementor-widget-button\" data-id=\"155276f\" data-element_type=\"widget\" data-e-type=\"widget\" data-widget_type=\"button.default\">\n\t\t\t\t<div class=\"elementor-widget-container\">\n\t\t\t\t\t\t\t\t\t<div class=\"elementor-button-wrapper\">\n\t\t\t\t\t<a class=\"elementor-button elementor-button-link elementor-size-lg elementor-animation-bob\" href=\"https:\/\/moticca-industries.com\/de\/angebot\/\">\n\t\t\t\t\t\t<span class=\"elementor-button-content-wrapper\">\n\t\t\t\t\t\t<span class=\"elementor-button-icon\">\n\t\t\t\t<svg aria-hidden=\"true\" class=\"e-font-icon-svg e-far-dot-circle\" viewBox=\"0 0 512 512\" xmlns=\"http:\/\/www.w3.org\/2000\/svg\"><path d=\"M256 56c110.532 0 200 89.451 200 200 0 110.532-89.451 200-200 200-110.532 0-200-89.451-200-200 0-110.532 89.451-200 200-200m0-48C119.033 8 8 119.033 8 256s111.033 248 248 248 248-111.033 248-248S392.967 8 256 8zm0 168c-44.183 0-80 35.817-80 80s35.817 80 80 80 80-35.817 80-80-35.817-80-80-80z\"><\/path><\/svg>\t\t\t<\/span>\n\t\t\t\t\t\t\t\t\t<span class=\"elementor-button-text\">Erkunden Sie unser Angebot<\/span>\n\t\t\t\t\t<\/span>\n\t\t\t\t\t<\/a>\n\t\t\t\t<\/div>\n\t\t\t\t\t\t\t\t<\/div>\n\t\t\t\t<\/div>\n\t\t\t\t\t<\/div>\n\t\t<\/div>\n\t\t\t\t\t<\/div>\n\t\t<\/section>\n\t\t\t\t<section class=\"elementor-section elementor-top-section elementor-element elementor-element-4af146b elementor-section-boxed elementor-section-height-default elementor-section-height-default\" data-id=\"4af146b\" data-element_type=\"section\" data-e-type=\"section\">\n\t\t\t\t\t\t<div class=\"elementor-container elementor-column-gap-default\">\n\t\t\t\t\t<div class=\"elementor-column elementor-col-50 elementor-top-column elementor-element elementor-element-fe71b74\" data-id=\"fe71b74\" data-element_type=\"column\" data-e-type=\"column\">\n\t\t\t<div class=\"elementor-widget-wrap elementor-element-populated\">\n\t\t\t\t\t\t<div class=\"elementor-element elementor-element-4a64b8b elementor-widget elementor-widget-heading\" data-id=\"4a64b8b\" data-element_type=\"widget\" data-e-type=\"widget\" data-widget_type=\"heading.default\">\n\t\t\t\t<div class=\"elementor-widget-container\">\n\t\t\t\t\t<h2 class=\"elementor-heading-title elementor-size-default\">AKTION\u00c4RE<\/h2>\t\t\t\t<\/div>\n\t\t\t\t<\/div>\n\t\t\t\t<div class=\"elementor-element elementor-element-67557f9 elementor-widget elementor-widget-text-editor\" data-id=\"67557f9\" data-element_type=\"widget\" data-e-type=\"widget\" data-widget_type=\"text-editor.default\">\n\t\t\t\t<div class=\"elementor-widget-container\">\n\t\t\t\t\t\t\t\t\t<p>Moticca Industries EOOD ist zu 100% im Besitz von HH One Bulgaria EOOD.<br \/><strong>HH One Bulgaria EOOD. <\/strong><\/p>\n\t\t\t\t\t\t\t\t<\/div>\n\t\t\t\t<\/div>\n\t\t\t\t<div class=\"elementor-element elementor-element-9a75608 elementor-widget elementor-widget-heading\" data-id=\"9a75608\" data-element_type=\"widget\" data-e-type=\"widget\" data-widget_type=\"heading.default\">\n\t\t\t\t<div class=\"elementor-widget-container\">\n\t\t\t\t\t<h2 class=\"elementor-heading-title elementor-size-default\">Wir sind Teil der Hasart Holding Group<\/h2>\t\t\t\t<\/div>\n\t\t\t\t<\/div>\n\t\t\t\t\t<\/div>\n\t\t<\/div>\n\t\t\t\t<div class=\"elementor-column elementor-col-50 elementor-top-column elementor-element elementor-element-efcd4eb\" data-id=\"efcd4eb\" data-element_type=\"column\" data-e-type=\"column\">\n\t\t\t<div class=\"elementor-widget-wrap elementor-element-populated\">\n\t\t\t\t\t\t<div class=\"elementor-element elementor-element-90e1064 elementor-widget elementor-widget-image\" data-id=\"90e1064\" data-element_type=\"widget\" data-e-type=\"widget\" data-widget_type=\"image.default\">\n\t\t\t\t<div class=\"elementor-widget-container\">\n\t\t\t\t\t\t\t\t\t\t\t\t\t\t\t<img fetchpriority=\"high\" decoding=\"async\" width=\"605\" height=\"340\" src=\"https:\/\/moticca-industries.com\/wp-content\/uploads\/2024\/03\/100procent.png\" class=\"elementor-animation-float attachment-full size-full wp-image-1145\" alt=\"\" srcset=\"https:\/\/moticca-industries.com\/wp-content\/uploads\/2024\/03\/100procent.png 605w, https:\/\/moticca-industries.com\/wp-content\/uploads\/2024\/03\/100procent-300x169.png 300w\" sizes=\"(max-width: 605px) 100vw, 605px\" \/>\t\t\t\t\t\t\t\t\t\t\t\t\t\t\t<\/div>\n\t\t\t\t<\/div>\n\t\t\t\t\t<\/div>\n\t\t<\/div>\n\t\t\t\t\t<\/div>\n\t\t<\/section>\n\t\t\t\t<section class=\"elementor-section elementor-top-section elementor-element elementor-element-555863d8 elementor-section-boxed elementor-section-height-default elementor-section-height-default\" data-id=\"555863d8\" data-element_type=\"section\" data-e-type=\"section\" data-settings=\"{&quot;background_background&quot;:&quot;gradient&quot;}\">\n\t\t\t\t\t\t<div class=\"elementor-container elementor-column-gap-default\">\n\t\t\t\t\t<div class=\"elementor-column elementor-col-100 elementor-top-column elementor-element elementor-element-72a56548\" data-id=\"72a56548\" data-element_type=\"column\" data-e-type=\"column\">\n\t\t\t<div class=\"elementor-widget-wrap elementor-element-populated\">\n\t\t\t\t\t\t<div class=\"elementor-element elementor-element-0ec3db1 elementor-widget-divider--view-line elementor-widget elementor-widget-divider\" data-id=\"0ec3db1\" data-element_type=\"widget\" data-e-type=\"widget\" data-widget_type=\"divider.default\">\n\t\t\t\t<div class=\"elementor-widget-container\">\n\t\t\t\t\t\t\t<div class=\"elementor-divider\">\n\t\t\t<span class=\"elementor-divider-separator\">\n\t\t\t\t\t\t<\/span>\n\t\t<\/div>\n\t\t\t\t\t\t<\/div>\n\t\t\t\t<\/div>\n\t\t\t\t<div class=\"elementor-element elementor-element-56023cc7 elementor-widget elementor-widget-heading\" data-id=\"56023cc7\" data-element_type=\"widget\" data-e-type=\"widget\" data-widget_type=\"heading.default\">\n\t\t\t\t<div class=\"elementor-widget-container\">\n\t\t\t\t\t<h2 class=\"elementor-heading-title elementor-size-default\">Nehmen Sie Kontakt mit uns auf<\/h2>\t\t\t\t<\/div>\n\t\t\t\t<\/div>\n\t\t\t\t<div class=\"elementor-element elementor-element-7bc83d21 elementor-widget elementor-widget-text-editor\" data-id=\"7bc83d21\" data-element_type=\"widget\" data-e-type=\"widget\" data-widget_type=\"text-editor.default\">\n\t\t\t\t<div class=\"elementor-widget-container\">\n\t\t\t\t\t\t\t\t\t<p>Wenn Sie sich f\u00fcr unser Angebot interessieren, Fragen zu unserem Angebot oder unseren Gesch\u00e4ftsbedingungen haben oder uns in sonstiger Angelegenheit kontaktieren m\u00f6chten, schreiben Sie uns gerne.<\/p>\n<p>Wir werden uns so bald wie m\u00f6glich mit Ihnen in Verbindung setzen.<\/p>\n\t\t\t\t\t\t\t\t<\/div>\n\t\t\t\t<\/div>\n\t\t\t\t<div class=\"elementor-element elementor-element-6f570d38 elementor-align-center elementor-tablet-align-center elementor-widget elementor-widget-button\" data-id=\"6f570d38\" data-element_type=\"widget\" data-e-type=\"widget\" data-widget_type=\"button.default\">\n\t\t\t\t<div class=\"elementor-widget-container\">\n\t\t\t\t\t\t\t\t\t<div class=\"elementor-button-wrapper\">\n\t\t\t\t\t<a class=\"elementor-button elementor-button-link elementor-size-lg elementor-animation-bob\" href=\"https:\/\/moticca-industries.com\/de\/kontakt\/\">\n\t\t\t\t\t\t<span class=\"elementor-button-content-wrapper\">\n\t\t\t\t\t\t<span class=\"elementor-button-icon\">\n\t\t\t\t<svg aria-hidden=\"true\" class=\"e-font-icon-svg e-far-envelope\" viewBox=\"0 0 512 512\" xmlns=\"http:\/\/www.w3.org\/2000\/svg\"><path d=\"M464 64H48C21.49 64 0 85.49 0 112v288c0 26.51 21.49 48 48 48h416c26.51 0 48-21.49 48-48V112c0-26.51-21.49-48-48-48zm0 48v40.805c-22.422 18.259-58.168 46.651-134.587 106.49-16.841 13.247-50.201 45.072-73.413 44.701-23.208.375-56.579-31.459-73.413-44.701C106.18 199.465 70.425 171.067 48 152.805V112h416zM48 400V214.398c22.914 18.251 55.409 43.862 104.938 82.646 21.857 17.205 60.134 55.186 103.062 54.955 42.717.231 80.509-37.199 103.053-54.947 49.528-38.783 82.032-64.401 104.947-82.653V400H48z\"><\/path><\/svg>\t\t\t<\/span>\n\t\t\t\t\t\t\t\t\t<span class=\"elementor-button-text\">Schreiben Sie uns<\/span>\n\t\t\t\t\t<\/span>\n\t\t\t\t\t<\/a>\n\t\t\t\t<\/div>\n\t\t\t\t\t\t\t\t<\/div>\n\t\t\t\t<\/div>\n\t\t\t\t\t<\/div>\n\t\t<\/div>\n\t\t\t\t\t<\/div>\n\t\t<\/section>\n\t\t\t\t<\/div>\n\t\t","protected":false},"excerpt":{"rendered":"<p>\u00dcber uns Moticca Industries ist ein dynamisches und innovatives Handelsunternehmen, das Kunden in aller Welt hochwertige Produkte und Dienstleistungen anbietet. Wir sind ein Direktimporteur von&hellip;<\/p>\n","protected":false},"author":2,"featured_media":0,"parent":0,"menu_order":0,"comment_status":"closed","ping_status":"closed","template":"","meta":{"footnotes":""},"class_list":["post-1143","page","type-page","status-publish","hentry"],"yoast_head":"<!-- This site is optimized with the Yoast SEO plugin v27.4 - https:\/\/yoast.com\/product\/yoast-seo-wordpress\/ -->\n<title>Uber uns - Moticca Industries - Direktimporteur<\/title>\n<meta name=\"robots\" content=\"index, follow, max-snippet:-1, max-image-preview:large, max-video-preview:-1\" \/>\n<link rel=\"canonical\" href=\"https:\/\/moticca-industries.com\/de\/uber-uns\/\" \/>\n<meta property=\"og:locale\" content=\"de_DE\" \/>\n<meta property=\"og:type\" content=\"article\" \/>\n<meta property=\"og:title\" content=\"Uber uns - Moticca Industries - Direktimporteur\" \/>\n<meta property=\"og:description\" content=\"\u00dcber uns Moticca Industries ist ein dynamisches und innovatives Handelsunternehmen, das Kunden in aller Welt hochwertige Produkte und Dienstleistungen anbietet. Wir sind ein Direktimporteur von&hellip;\" \/>\n<meta property=\"og:url\" content=\"https:\/\/moticca-industries.com\/de\/uber-uns\/\" \/>\n<meta property=\"og:site_name\" content=\"Moticca Industries - Direktimporteur\" \/>\n<meta property=\"article:modified_time\" content=\"2024-10-15T21:18:48+00:00\" \/>\n<meta property=\"og:image\" content=\"https:\/\/moticca-industries.com\/wp-content\/uploads\/2024\/03\/100procent.png\" \/>\n\t<meta property=\"og:image:width\" content=\"605\" \/>\n\t<meta property=\"og:image:height\" content=\"340\" \/>\n\t<meta property=\"og:image:type\" content=\"image\/png\" \/>\n<meta name=\"twitter:card\" content=\"summary_large_image\" \/>\n<meta name=\"twitter:label1\" content=\"Gesch\u00e4tzte Lesezeit\" \/>\n\t<meta name=\"twitter:data1\" content=\"2\u00a0Minuten\" \/>\n<script type=\"application\/ld+json\" class=\"yoast-schema-graph\">{\"@context\":\"https:\\\/\\\/schema.org\",\"@graph\":[{\"@type\":\"WebPage\",\"@id\":\"https:\\\/\\\/moticca-industries.com\\\/de\\\/uber-uns\\\/\",\"url\":\"https:\\\/\\\/moticca-industries.com\\\/de\\\/uber-uns\\\/\",\"name\":\"Uber uns - Moticca Industries - Direktimporteur\",\"isPartOf\":{\"@id\":\"https:\\\/\\\/moticca-industries.com\\\/de\\\/#website\"},\"primaryImageOfPage\":{\"@id\":\"https:\\\/\\\/moticca-industries.com\\\/de\\\/uber-uns\\\/#primaryimage\"},\"image\":{\"@id\":\"https:\\\/\\\/moticca-industries.com\\\/de\\\/uber-uns\\\/#primaryimage\"},\"thumbnailUrl\":\"https:\\\/\\\/moticca-industries.com\\\/wp-content\\\/uploads\\\/2024\\\/03\\\/100procent.png\",\"datePublished\":\"2019-06-19T15:20:55+00:00\",\"dateModified\":\"2024-10-15T21:18:48+00:00\",\"breadcrumb\":{\"@id\":\"https:\\\/\\\/moticca-industries.com\\\/de\\\/uber-uns\\\/#breadcrumb\"},\"inLanguage\":\"de\",\"potentialAction\":[{\"@type\":\"ReadAction\",\"target\":[\"https:\\\/\\\/moticca-industries.com\\\/de\\\/uber-uns\\\/\"]}]},{\"@type\":\"ImageObject\",\"inLanguage\":\"de\",\"@id\":\"https:\\\/\\\/moticca-industries.com\\\/de\\\/uber-uns\\\/#primaryimage\",\"url\":\"https:\\\/\\\/moticca-industries.com\\\/wp-content\\\/uploads\\\/2024\\\/03\\\/100procent.png\",\"contentUrl\":\"https:\\\/\\\/moticca-industries.com\\\/wp-content\\\/uploads\\\/2024\\\/03\\\/100procent.png\"},{\"@type\":\"BreadcrumbList\",\"@id\":\"https:\\\/\\\/moticca-industries.com\\\/de\\\/uber-uns\\\/#breadcrumb\",\"itemListElement\":[{\"@type\":\"ListItem\",\"position\":1,\"name\":\"Home\",\"item\":\"https:\\\/\\\/moticca-industries.com\\\/de\\\/\"},{\"@type\":\"ListItem\",\"position\":2,\"name\":\"Uber uns\"}]},{\"@type\":\"WebSite\",\"@id\":\"https:\\\/\\\/moticca-industries.com\\\/de\\\/#website\",\"url\":\"https:\\\/\\\/moticca-industries.com\\\/de\\\/\",\"name\":\"Moticca Industries - Direct importer\",\"description\":\"D\u00fcngemittel, Tierfutter, Treibstoff, Baumaterialien\",\"potentialAction\":[{\"@type\":\"SearchAction\",\"target\":{\"@type\":\"EntryPoint\",\"urlTemplate\":\"https:\\\/\\\/moticca-industries.com\\\/de\\\/?s={search_term_string}\"},\"query-input\":{\"@type\":\"PropertyValueSpecification\",\"valueRequired\":true,\"valueName\":\"search_term_string\"}}],\"inLanguage\":\"de\"}]}<\/script>\n<!-- \/ Yoast SEO plugin. -->","yoast_head_json":{"title":"Uber uns - Moticca Industries - Direktimporteur","robots":{"index":"index","follow":"follow","max-snippet":"max-snippet:-1","max-image-preview":"max-image-preview:large","max-video-preview":"max-video-preview:-1"},"canonical":"https:\/\/moticca-industries.com\/de\/uber-uns\/","og_locale":"de_DE","og_type":"article","og_title":"Uber uns - Moticca Industries - Direktimporteur","og_description":"\u00dcber uns Moticca Industries ist ein dynamisches und innovatives Handelsunternehmen, das Kunden in aller Welt hochwertige Produkte und Dienstleistungen anbietet. Wir sind ein Direktimporteur von&hellip;","og_url":"https:\/\/moticca-industries.com\/de\/uber-uns\/","og_site_name":"Moticca Industries - Direktimporteur","article_modified_time":"2024-10-15T21:18:48+00:00","og_image":[{"width":605,"height":340,"url":"https:\/\/moticca-industries.com\/wp-content\/uploads\/2024\/03\/100procent.png","type":"image\/png"}],"twitter_card":"summary_large_image","twitter_misc":{"Gesch\u00e4tzte Lesezeit":"2\u00a0Minuten"},"schema":{"@context":"https:\/\/schema.org","@graph":[{"@type":"WebPage","@id":"https:\/\/moticca-industries.com\/de\/uber-uns\/","url":"https:\/\/moticca-industries.com\/de\/uber-uns\/","name":"Uber uns - Moticca Industries - Direktimporteur","isPartOf":{"@id":"https:\/\/moticca-industries.com\/de\/#website"},"primaryImageOfPage":{"@id":"https:\/\/moticca-industries.com\/de\/uber-uns\/#primaryimage"},"image":{"@id":"https:\/\/moticca-industries.com\/de\/uber-uns\/#primaryimage"},"thumbnailUrl":"https:\/\/moticca-industries.com\/wp-content\/uploads\/2024\/03\/100procent.png","datePublished":"2019-06-19T15:20:55+00:00","dateModified":"2024-10-15T21:18:48+00:00","breadcrumb":{"@id":"https:\/\/moticca-industries.com\/de\/uber-uns\/#breadcrumb"},"inLanguage":"de","potentialAction":[{"@type":"ReadAction","target":["https:\/\/moticca-industries.com\/de\/uber-uns\/"]}]},{"@type":"ImageObject","inLanguage":"de","@id":"https:\/\/moticca-industries.com\/de\/uber-uns\/#primaryimage","url":"https:\/\/moticca-industries.com\/wp-content\/uploads\/2024\/03\/100procent.png","contentUrl":"https:\/\/moticca-industries.com\/wp-content\/uploads\/2024\/03\/100procent.png"},{"@type":"BreadcrumbList","@id":"https:\/\/moticca-industries.com\/de\/uber-uns\/#breadcrumb","itemListElement":[{"@type":"ListItem","position":1,"name":"Home","item":"https:\/\/moticca-industries.com\/de\/"},{"@type":"ListItem","position":2,"name":"Uber uns"}]},{"@type":"WebSite","@id":"https:\/\/moticca-industries.com\/de\/#website","url":"https:\/\/moticca-industries.com\/de\/","name":"Moticca Industries - Direct importer","description":"D\u00fcngemittel, Tierfutter, Treibstoff, Baumaterialien","potentialAction":[{"@type":"SearchAction","target":{"@type":"EntryPoint","urlTemplate":"https:\/\/moticca-industries.com\/de\/?s={search_term_string}"},"query-input":{"@type":"PropertyValueSpecification","valueRequired":true,"valueName":"search_term_string"}}],"inLanguage":"de"}]}},"_links":{"self":[{"href":"https:\/\/moticca-industries.com\/de\/wp-json\/wp\/v2\/pages\/1143","targetHints":{"allow":["GET"]}}],"collection":[{"href":"https:\/\/moticca-industries.com\/de\/wp-json\/wp\/v2\/pages"}],"about":[{"href":"https:\/\/moticca-industries.com\/de\/wp-json\/wp\/v2\/types\/page"}],"author":[{"embeddable":true,"href":"https:\/\/moticca-industries.com\/de\/wp-json\/wp\/v2\/users\/2"}],"replies":[{"embeddable":true,"href":"https:\/\/moticca-industries.com\/de\/wp-json\/wp\/v2\/comments?post=1143"}],"version-history":[{"count":9,"href":"https:\/\/moticca-industries.com\/de\/wp-json\/wp\/v2\/pages\/1143\/revisions"}],"predecessor-version":[{"id":1873,"href":"https:\/\/moticca-industries.com\/de\/wp-json\/wp\/v2\/pages\/1143\/revisions\/1873"}],"wp:attachment":[{"href":"https:\/\/moticca-industries.com\/de\/wp-json\/wp\/v2\/media?parent=1143"}],"curies":[{"name":"wp","href":"https:\/\/api.w.org\/{rel}","templated":true}]}}